{"id":11078,"date":"2023-05-20T16:57:18","date_gmt":"2023-05-20T19:57:18","guid":{"rendered":"https:\/\/superahd.com.br\/?page_id=11078"},"modified":"2023-06-04T19:42:36","modified_gmt":"2023-06-04T22:42:36","slug":"seja-um-fornecedor","status":"publish","type":"page","link":"https:\/\/superahd.com.br\/en\/seja-um-fornecedor\/","title":{"rendered":"Become a supplier"},"content":{"rendered":"<div data-elementor-type=\"wp-page\" data-elementor-id=\"11078\" class=\"elementor elementor-11078\" data-elementor-post-type=\"page\">\n\t\t\t\t\t\t<section class=\"elementor-section elementor-top-section elementor-element elementor-element-b95ed0a elementor-section-full_width elementor-section-stretched elementor-section-height-default elementor-section-height-default\" data-id=\"b95ed0a\" data-element_type=\"section\" data-e-type=\"section\" data-settings=\"{&quot;stretch_section&quot;:&quot;section-stretched&quot;,&quot;background_background&quot;:&quot;classic&quot;}\">\n\t\t\t\t\t\t<div class=\"elementor-container elementor-column-gap-default\">\n\t\t\t\t\t<div class=\"elementor-column elementor-col-100 elementor-top-column elementor-element elementor-element-3ea46cf\" data-id=\"3ea46cf\" data-element_type=\"column\" data-e-type=\"column\">\n\t\t\t<div class=\"elementor-widget-wrap elementor-element-populated\">\n\t\t\t\t\t\t<section class=\"elementor-section elementor-inner-section elementor-element elementor-element-bc58d07 elementor-section-boxed elementor-section-height-default elementor-section-height-default\" data-id=\"bc58d07\" data-element_type=\"section\" data-e-type=\"section\">\n\t\t\t\t\t\t<div class=\"elementor-container elementor-column-gap-default\">\n\t\t\t\t\t<div class=\"elementor-column elementor-col-50 elementor-inner-column elementor-element elementor-element-69c90fd\" data-id=\"69c90fd\" data-element_type=\"column\" data-e-type=\"column\">\n\t\t\t<div class=\"elementor-widget-wrap elementor-element-populated\">\n\t\t\t\t\t\t<div class=\"elementor-element elementor-element-095655b elementor-widget elementor-widget-heading\" data-id=\"095655b\" data-element_type=\"widget\" data-e-type=\"widget\" data-widget_type=\"heading.default\">\n\t\t\t\t<div class=\"elementor-widget-container\">\n\t\t\t\t\t<h3 class=\"elementor-heading-title elementor-size-default\">Fa\u00e7a parte de uma empresa que est\u00e1 em constante crescimento e expans\u00e3o<\/h3>\t\t\t\t<\/div>\n\t\t\t\t<\/div>\n\t\t\t\t\t<\/div>\n\t\t<\/div>\n\t\t\t\t<div class=\"elementor-column elementor-col-50 elementor-inner-column elementor-element elementor-element-0d2efad\" data-id=\"0d2efad\" data-element_type=\"column\" data-e-type=\"column\">\n\t\t\t<div class=\"elementor-widget-wrap elementor-element-populated\">\n\t\t\t\t\t\t<div class=\"elementor-element elementor-element-a0bfd54 elementor-widget elementor-widget-text-editor\" data-id=\"a0bfd54\" data-element_type=\"widget\" data-e-type=\"widget\" data-widget_type=\"text-editor.default\">\n\t\t\t\t<div class=\"elementor-widget-container\">\n\t\t\t\t\t\t\t\t\t<p>Uma das principais raz\u00f5es para ser um fornecedor da Supera Holding \u00e9 a oportunidade de trabalhar com uma empresa que possui uma cultura organizacional s\u00f3lida, pautada pela \u00e9tica, transpar\u00eancia e respeito aos seus parceiros comerciais. A Supera Holding valoriza seus fornecedores, reconhecendo que eles desempenham um papel fundamental no sucesso da empresa.<\/p>\t\t\t\t\t\t\t\t<\/div>\n\t\t\t\t<\/div>\n\t\t\t\t\t<\/div>\n\t\t<\/div>\n\t\t\t\t\t<\/div>\n\t\t<\/section>\n\t\t\t\t\t<\/div>\n\t\t<\/div>\n\t\t\t\t\t<\/div>\n\t\t<\/section>\n\t\t\t\t<div class=\"elementor-section elementor-top-section elementor-element elementor-element-51eec80 elementor-section-full_width elementor-section-stretched elementor-section-height-default elementor-section-height-default\" data-id=\"51eec80\" data-element_type=\"section\" data-e-type=\"section\" data-settings=\"{&quot;stretch_section&quot;:&quot;section-stretched&quot;,&quot;background_background&quot;:&quot;classic&quot;}\">\n\t\t\t\t\t\t\t<div class=\"elementor-background-overlay\"><\/div>\n\t\t\t\t\t\t\t<div class=\"elementor-container elementor-column-gap-default\">\n\t\t\t\t\t<div class=\"elementor-column elementor-col-100 elementor-top-column elementor-element elementor-element-a913b97\" data-id=\"a913b97\" data-element_type=\"column\" data-e-type=\"column\">\n\t\t\t<div class=\"elementor-widget-wrap elementor-element-populated\">\n\t\t\t\t\t\t<div class=\"elementor-section elementor-inner-section elementor-element elementor-element-a8f6a6a elementor-section-full_width elementor-reverse-tablet elementor-reverse-mobile elementor-section-height-default elementor-section-height-default\" data-id=\"a8f6a6a\" data-element_type=\"section\" data-e-type=\"section\" data-settings=\"{&quot;background_background&quot;:&quot;classic&quot;}\">\n\t\t\t\t\t\t<div class=\"elementor-container elementor-column-gap-default\">\n\t\t\t\t\t<div class=\"elementor-column elementor-col-50 elementor-inner-column elementor-element elementor-element-a20b094\" data-id=\"a20b094\" data-element_type=\"column\" data-e-type=\"column\" data-settings=\"{&quot;background_background&quot;:&quot;classic&quot;}\">\n\t\t\t<div class=\"elementor-widget-wrap elementor-element-populated\">\n\t\t\t\t\t\t<div class=\"elementor-element elementor-element-11aa5a3 section__tile elementor-widget elementor-widget-section-title\" data-id=\"11aa5a3\" data-element_type=\"widget\" data-e-type=\"widget\" data-widget_type=\"section-title.default\">\n\t\t\t\t<div class=\"elementor-widget-container\">\n\t\t\t\t\t<div class=\"pt-section-title  pt-section-title-style-1\">\r\n\r\n   \t\t   \t\t<span class=\"pt-section-sub-title\">Our differentials<\/span>\r\n   \t   \t\t\t   <h5 class=\"pt-section-title\" > <\/h5>\r\n\t   <p class=\"pt-section-description\"><\/p>\r\n     \r\n \r\n\t<\/div>\r\n\t\t\t\t<\/div>\n\t\t\t\t<\/div>\n\t\t\t\t<div class=\"elementor-element elementor-element-96f98e4 elementor-widget elementor-widget-text-editor\" data-id=\"96f98e4\" data-element_type=\"widget\" data-e-type=\"widget\" data-widget_type=\"text-editor.default\">\n\t\t\t\t<div class=\"elementor-widget-container\">\n\t\t\t\t\t\t\t\t\t<p>Somos uma empresa que est\u00e1 em constante crescimento e expans\u00e3o. Buscamos oportunidades de neg\u00f3cios em diferentes mercados e estamos abertos a parcerias estrat\u00e9gicas que impulsionam seu crescimento.<\/p><p>Oferecemos a possibilidade de desenvolvimento conjunto. A empresa valoriza parcerias duradouras e busca estabelecer um relacionamento de longo prazo com seus fornecedores. Isso significa que voc\u00ea ter\u00e1 a chance de colaborar com a equipe da Supera Holding, compartilhando conhecimentos e experi\u00eancias para aprimorar produtos e servi\u00e7os.<\/p>\t\t\t\t\t\t\t\t<\/div>\n\t\t\t\t<\/div>\n\t\t\t\t\t<\/div>\n\t\t<\/div>\n\t\t\t\t<div class=\"elementor-column elementor-col-50 elementor-inner-column elementor-element elementor-element-a2ac6e4\" data-id=\"a2ac6e4\" data-element_type=\"column\" data-e-type=\"column\">\n\t\t\t<div class=\"elementor-widget-wrap elementor-element-populated\">\n\t\t\t\t\t\t<div class=\"elementor-element elementor-element-18268a5 elementor-invisible elementor-widget elementor-widget-image\" data-id=\"18268a5\" data-element_type=\"widget\" data-e-type=\"widget\" data-settings=\"{&quot;_animation&quot;:&quot;fadeInRight&quot;,&quot;_animation_delay&quot;:300}\" data-widget_type=\"image.default\">\n\t\t\t\t<div class=\"elementor-widget-container\">\n\t\t\t\t\t\t\t\t\t\t\t\t\t\t\t<img fetchpriority=\"high\" decoding=\"async\" width=\"751\" height=\"678\" src=\"https:\/\/superahd.com.br\/wp-content\/uploads\/2023\/06\/Frame-92.png\" class=\"attachment-full size-full wp-image-11185\" alt=\"\" srcset=\"https:\/\/superahd.com.br\/wp-content\/uploads\/2023\/06\/Frame-92.png 751w, https:\/\/superahd.com.br\/wp-content\/uploads\/2023\/06\/Frame-92-300x271.png 300w\" sizes=\"(max-width: 751px) 100vw, 751px\" \/>\t\t\t\t\t\t\t\t\t\t\t\t\t\t\t<\/div>\n\t\t\t\t<\/div>\n\t\t\t\t\t<\/div>\n\t\t<\/div>\n\t\t\t\t\t<\/div>\n\t\t<\/div>\n\t\t\t\t\t<\/div>\n\t\t<\/div>\n\t\t\t\t\t<\/div>\n\t\t<\/div>\n\t\t\t\t<section class=\"elementor-section elementor-top-section elementor-element elementor-element-df7c918 elementor-section-boxed elementor-section-height-default elementor-section-height-default\" data-id=\"df7c918\" data-element_type=\"section\" data-e-type=\"section\">\n\t\t\t\t\t\t<div class=\"elementor-container elementor-column-gap-default\">\n\t\t\t\t\t<div class=\"elementor-column elementor-col-50 elementor-top-column elementor-element elementor-element-c8da72e\" data-id=\"c8da72e\" data-element_type=\"column\" data-e-type=\"column\">\n\t\t\t<div class=\"elementor-widget-wrap elementor-element-populated\">\n\t\t\t\t\t\t<div class=\"elementor-element elementor-element-0f77903 elementor-widget elementor-widget-section-title\" data-id=\"0f77903\" data-element_type=\"widget\" data-e-type=\"widget\" data-widget_type=\"section-title.default\">\n\t\t\t\t<div class=\"elementor-widget-container\">\n\t\t\t\t\t<div class=\"pt-section-title  pt-section-title-style-1\">\r\n\r\n   \t\t   \t\t<span class=\"pt-section-sub-title\">Seja nosso fornecedor<\/span>\r\n   \t   \t\t\t   <h5 class=\"pt-section-title\" >Entre em contato<\/h5>\r\n\t   <p class=\"pt-section-description\">Ser um fornecedor da Supera Holding \u00e9 uma oportunidade \u00fanica de fazer parte de uma empresa l\u00edder no mercado, reconhecida por sua excel\u00eancia e inova\u00e7\u00e3o na constru\u00e7\u00e3o dos seus empreendimento.<\/p>\r\n     \r\n \r\n\t<\/div>\r\n\t\t\t\t<\/div>\n\t\t\t\t<\/div>\n\t\t\t\t\t<\/div>\n\t\t<\/div>\n\t\t\t\t<div class=\"elementor-column elementor-col-50 elementor-top-column elementor-element elementor-element-2426cd0\" data-id=\"2426cd0\" data-element_type=\"column\" data-e-type=\"column\">\n\t\t\t<div class=\"elementor-widget-wrap elementor-element-populated\">\n\t\t\t\t\t\t<div class=\"elementor-element elementor-element-8d208e0 elementor-widget elementor-widget-shortcode\" data-id=\"8d208e0\" data-element_type=\"widget\" data-e-type=\"widget\" data-widget_type=\"shortcode.default\">\n\t\t\t\t<div class=\"elementor-widget-container\">\n\t\t\t\t\t\t\t<div class=\"elementor-shortcode\">\n<div class=\"wpcf7 no-js\" id=\"wpcf7-f11186-o1\" lang=\"pt-BR\" dir=\"ltr\" data-wpcf7-id=\"11186\">\n<div class=\"screen-reader-response\"><p role=\"status\" aria-live=\"polite\" aria-atomic=\"true\"><\/p> <ul><\/ul><\/div>\n<form action=\"\/en\/wp-json\/wp\/v2\/pages\/11078#wpcf7-f11186-o1\" method=\"post\" class=\"wpcf7-form init\" aria-label=\"Formul\u00e1rios de contato\" novalidate=\"novalidate\" data-status=\"init\" data-trp-original-action=\"\/en\/wp-json\/wp\/v2\/pages\/11078#wpcf7-f11186-o1\">\n<fieldset class=\"hidden-fields-container\"><input type=\"hidden\" name=\"_wpcf7\" value=\"11186\" \/><input type=\"hidden\" name=\"_wpcf7_version\" value=\"6.1.5\" \/><input type=\"hidden\" name=\"_wpcf7_locale\" value=\"pt_BR\" \/><input type=\"hidden\" name=\"_wpcf7_unit_tag\" value=\"wpcf7-f11186-o1\" \/><input type=\"hidden\" name=\"_wpcf7_container_post\" value=\"0\" \/><input type=\"hidden\" name=\"_wpcf7_posted_data_hash\" value=\"\" \/>\n<\/fieldset>\n<p><span class=\"wpcf7-form-control-wrap\" data-name=\"seu-nome\"><input size=\"40\" maxlength=\"400\" class=\"wpcf7-form-control wpcf7-text wpcf7-validates-as-required\" aria-required=\"true\" aria-invalid=\"false\" placeholder=\"Name\" value=\"\" type=\"text\" name=\"seu-nome\" \/><\/span><br \/>\n<span class=\"wpcf7-form-control-wrap\" data-name=\"seu-email\"><input size=\"40\" maxlength=\"400\" class=\"wpcf7-form-control wpcf7-email wpcf7-validates-as-required wpcf7-text wpcf7-validates-as-email\" aria-required=\"true\" aria-invalid=\"false\" placeholder=\"E-mail\" value=\"\" type=\"email\" name=\"seu-email\" \/><\/span><br \/>\n<span class=\"wpcf7-form-control-wrap\" data-name=\"seu-telefone\"><input size=\"40\" maxlength=\"400\" class=\"wpcf7-form-control wpcf7-text wpcf7-validates-as-required\" aria-required=\"true\" aria-invalid=\"false\" placeholder=\"Telephone\" value=\"\" type=\"text\" name=\"seu-telefone\" \/><\/span><br \/>\n<span class=\"wpcf7-form-control-wrap\" data-name=\"sua-mensagem\"><textarea cols=\"40\" rows=\"10\" maxlength=\"2000\" class=\"wpcf7-form-control wpcf7-textarea\" aria-invalid=\"false\" placeholder=\"Mensagem\" name=\"sua-mensagem\"><\/textarea><\/span><br \/>\n<input class=\"wpcf7-form-control wpcf7-submit has-spinner btn-slider btn-black\" type=\"submit\" value=\"Enviar\" \/>\n<\/p><p style=\"display: none !important;\" class=\"akismet-fields-container\" data-prefix=\"_wpcf7_ak_\"><label>&#916;<textarea name=\"_wpcf7_ak_hp_textarea\" cols=\"45\" rows=\"8\" maxlength=\"100\"><\/textarea><\/label><input type=\"hidden\" id=\"ak_js_1\" name=\"_wpcf7_ak_js\" value=\"32\"\/><script>\ndocument.getElementById( \"ak_js_1\" ).setAttribute( \"value\", ( new Date() ).getTime() );\n<\/script>\n<\/p><div class=\"wpcf7-response-output\" aria-hidden=\"true\"><\/div>\n<input type=\"hidden\" name=\"trp-form-language\" value=\"en\"\/><\/form>\n<\/div>\n<\/div>\n\t\t\t\t\t\t<\/div>\n\t\t\t\t<\/div>\n\t\t\t\t\t<\/div>\n\t\t<\/div>\n\t\t\t\t\t<\/div>\n\t\t<\/section>\n\t\t\t\t<\/div>","protected":false},"excerpt":{"rendered":"<p>Fa\u00e7a parte de uma empresa que est\u00e1 em constante crescimento e expans\u00e3o Uma das principais raz\u00f5es para ser um fornecedor da Supera Holding \u00e9 a oportunidade de trabalhar com uma empresa que possui uma cultura organizacional s\u00f3lida, pautada pela \u00e9tica, transpar\u00eancia e respeito aos seus parceiros comerciais. A Supera Holding valoriza seus fornecedores, reconhecendo que [&hellip;]<\/p>","protected":false},"author":1,"featured_media":0,"parent":0,"menu_order":0,"comment_status":"closed","ping_status":"closed","template":"","meta":{"_acf_changed":false,"inline_featured_image":false,"footnotes":""},"class_list":["post-11078","page","type-page","status-publish","hentry"],"acf":[],"aioseo_notices":[],"yoast_head":"<!-- This site is optimized with the Yoast SEO plugin v27.5 - https:\/\/yoast.com\/product\/yoast-seo-wordpress\/ -->\n<title>Seja um fornecedor - Supera Holding<\/title>\n<meta name=\"robots\" content=\"index, follow, max-snippet:-1, max-image-preview:large, max-video-preview:-1\" \/>\n<link rel=\"canonical\" href=\"https:\/\/superahd.com.br\/en\/seja-um-fornecedor\/\" \/>\n<meta property=\"og:locale\" content=\"en_US\" \/>\n<meta property=\"og:type\" content=\"article\" \/>\n<meta property=\"og:title\" content=\"Seja um fornecedor - Supera Holding\" \/>\n<meta property=\"og:description\" content=\"Fa\u00e7a parte de uma empresa que est\u00e1 em constante crescimento e expans\u00e3o Uma das principais raz\u00f5es para ser um fornecedor da Supera Holding \u00e9 a oportunidade de trabalhar com uma empresa que possui uma cultura organizacional s\u00f3lida, pautada pela \u00e9tica, transpar\u00eancia e respeito aos seus parceiros comerciais. A Supera Holding valoriza seus fornecedores, reconhecendo que [&hellip;]\" \/>\n<meta property=\"og:url\" content=\"https:\/\/superahd.com.br\/en\/seja-um-fornecedor\/\" \/>\n<meta property=\"og:site_name\" content=\"Supera Holding\" \/>\n<meta property=\"article:modified_time\" content=\"2023-06-04T22:42:36+00:00\" \/>\n<meta property=\"og:image\" content=\"https:\/\/superahd.com.br\/wp-content\/uploads\/2023\/06\/Frame-92.png\" \/>\n<meta name=\"twitter:card\" content=\"summary_large_image\" \/>\n<meta name=\"twitter:label1\" content=\"Est. reading time\" \/>\n\t<meta name=\"twitter:data1\" content=\"1 minute\" \/>\n<script type=\"application\/ld+json\" class=\"yoast-schema-graph\">{\"@context\":\"https:\\\/\\\/schema.org\",\"@graph\":[{\"@type\":\"WebPage\",\"@id\":\"https:\\\/\\\/superahd.com.br\\\/seja-um-fornecedor\\\/\",\"url\":\"https:\\\/\\\/superahd.com.br\\\/seja-um-fornecedor\\\/\",\"name\":\"Seja um fornecedor - Supera Holding\",\"isPartOf\":{\"@id\":\"https:\\\/\\\/superahd.com.br\\\/#website\"},\"primaryImageOfPage\":{\"@id\":\"https:\\\/\\\/superahd.com.br\\\/seja-um-fornecedor\\\/#primaryimage\"},\"image\":{\"@id\":\"https:\\\/\\\/superahd.com.br\\\/seja-um-fornecedor\\\/#primaryimage\"},\"thumbnailUrl\":\"https:\\\/\\\/superahd.com.br\\\/wp-content\\\/uploads\\\/2023\\\/06\\\/Frame-92.png\",\"datePublished\":\"2023-05-20T19:57:18+00:00\",\"dateModified\":\"2023-06-04T22:42:36+00:00\",\"breadcrumb\":{\"@id\":\"https:\\\/\\\/superahd.com.br\\\/seja-um-fornecedor\\\/#breadcrumb\"},\"inLanguage\":\"en-US\",\"potentialAction\":[{\"@type\":\"ReadAction\",\"target\":[\"https:\\\/\\\/superahd.com.br\\\/seja-um-fornecedor\\\/\"]}]},{\"@type\":\"ImageObject\",\"inLanguage\":\"en-US\",\"@id\":\"https:\\\/\\\/superahd.com.br\\\/seja-um-fornecedor\\\/#primaryimage\",\"url\":\"https:\\\/\\\/superahd.com.br\\\/wp-content\\\/uploads\\\/2023\\\/06\\\/Frame-92.png\",\"contentUrl\":\"https:\\\/\\\/superahd.com.br\\\/wp-content\\\/uploads\\\/2023\\\/06\\\/Frame-92.png\"},{\"@type\":\"BreadcrumbList\",\"@id\":\"https:\\\/\\\/superahd.com.br\\\/seja-um-fornecedor\\\/#breadcrumb\",\"itemListElement\":[{\"@type\":\"ListItem\",\"position\":1,\"name\":\"In\u00edcio\",\"item\":\"https:\\\/\\\/superahd.com.br\\\/\"},{\"@type\":\"ListItem\",\"position\":2,\"name\":\"Seja um fornecedor\"}]},{\"@type\":\"WebSite\",\"@id\":\"https:\\\/\\\/superahd.com.br\\\/#website\",\"url\":\"https:\\\/\\\/superahd.com.br\\\/\",\"name\":\"Supera Holding\",\"description\":\"\",\"publisher\":{\"@id\":\"https:\\\/\\\/superahd.com.br\\\/#organization\"},\"potentialAction\":[{\"@type\":\"SearchAction\",\"target\":{\"@type\":\"EntryPoint\",\"urlTemplate\":\"https:\\\/\\\/superahd.com.br\\\/?s={search_term_string}\"},\"query-input\":{\"@type\":\"PropertyValueSpecification\",\"valueRequired\":true,\"valueName\":\"search_term_string\"}}],\"inLanguage\":\"en-US\"},{\"@type\":\"Organization\",\"@id\":\"https:\\\/\\\/superahd.com.br\\\/#organization\",\"name\":\"Supera Holding\",\"url\":\"https:\\\/\\\/superahd.com.br\\\/\",\"logo\":{\"@type\":\"ImageObject\",\"inLanguage\":\"en-US\",\"@id\":\"https:\\\/\\\/superahd.com.br\\\/#\\\/schema\\\/logo\\\/image\\\/\",\"url\":\"https:\\\/\\\/superahd.com.br\\\/wp-content\\\/uploads\\\/2023\\\/04\\\/logo_supera.png\",\"contentUrl\":\"https:\\\/\\\/superahd.com.br\\\/wp-content\\\/uploads\\\/2023\\\/04\\\/logo_supera.png\",\"width\":187,\"height\":48,\"caption\":\"Supera Holding\"},\"image\":{\"@id\":\"https:\\\/\\\/superahd.com.br\\\/#\\\/schema\\\/logo\\\/image\\\/\"}}]}<\/script>\n<!-- \/ Yoast SEO plugin. -->","yoast_head_json":{"title":"Seja um fornecedor - Supera Holding","robots":{"index":"index","follow":"follow","max-snippet":"max-snippet:-1","max-image-preview":"max-image-preview:large","max-video-preview":"max-video-preview:-1"},"canonical":"https:\/\/superahd.com.br\/en\/seja-um-fornecedor\/","og_locale":"en_US","og_type":"article","og_title":"Seja um fornecedor - Supera Holding","og_description":"Fa\u00e7a parte de uma empresa que est\u00e1 em constante crescimento e expans\u00e3o Uma das principais raz\u00f5es para ser um fornecedor da Supera Holding \u00e9 a oportunidade de trabalhar com uma empresa que possui uma cultura organizacional s\u00f3lida, pautada pela \u00e9tica, transpar\u00eancia e respeito aos seus parceiros comerciais. A Supera Holding valoriza seus fornecedores, reconhecendo que [&hellip;]","og_url":"https:\/\/superahd.com.br\/en\/seja-um-fornecedor\/","og_site_name":"Supera Holding","article_modified_time":"2023-06-04T22:42:36+00:00","og_image":[{"url":"https:\/\/superahd.com.br\/wp-content\/uploads\/2023\/06\/Frame-92.png","type":"","width":"","height":""}],"twitter_card":"summary_large_image","twitter_misc":{"Est. reading time":"1 minute"},"schema":{"@context":"https:\/\/schema.org","@graph":[{"@type":"WebPage","@id":"https:\/\/superahd.com.br\/seja-um-fornecedor\/","url":"https:\/\/superahd.com.br\/seja-um-fornecedor\/","name":"Seja um fornecedor - Supera Holding","isPartOf":{"@id":"https:\/\/superahd.com.br\/#website"},"primaryImageOfPage":{"@id":"https:\/\/superahd.com.br\/seja-um-fornecedor\/#primaryimage"},"image":{"@id":"https:\/\/superahd.com.br\/seja-um-fornecedor\/#primaryimage"},"thumbnailUrl":"https:\/\/superahd.com.br\/wp-content\/uploads\/2023\/06\/Frame-92.png","datePublished":"2023-05-20T19:57:18+00:00","dateModified":"2023-06-04T22:42:36+00:00","breadcrumb":{"@id":"https:\/\/superahd.com.br\/seja-um-fornecedor\/#breadcrumb"},"inLanguage":"en-US","potentialAction":[{"@type":"ReadAction","target":["https:\/\/superahd.com.br\/seja-um-fornecedor\/"]}]},{"@type":"ImageObject","inLanguage":"en-US","@id":"https:\/\/superahd.com.br\/seja-um-fornecedor\/#primaryimage","url":"https:\/\/superahd.com.br\/wp-content\/uploads\/2023\/06\/Frame-92.png","contentUrl":"https:\/\/superahd.com.br\/wp-content\/uploads\/2023\/06\/Frame-92.png"},{"@type":"BreadcrumbList","@id":"https:\/\/superahd.com.br\/seja-um-fornecedor\/#breadcrumb","itemListElement":[{"@type":"ListItem","position":1,"name":"In\u00edcio","item":"https:\/\/superahd.com.br\/"},{"@type":"ListItem","position":2,"name":"Seja um fornecedor"}]},{"@type":"WebSite","@id":"https:\/\/superahd.com.br\/#website","url":"https:\/\/superahd.com.br\/","name":"Supera Holding","description":"","publisher":{"@id":"https:\/\/superahd.com.br\/#organization"},"potentialAction":[{"@type":"SearchAction","target":{"@type":"EntryPoint","urlTemplate":"https:\/\/superahd.com.br\/?s={search_term_string}"},"query-input":{"@type":"PropertyValueSpecification","valueRequired":true,"valueName":"search_term_string"}}],"inLanguage":"en-US"},{"@type":"Organization","@id":"https:\/\/superahd.com.br\/#organization","name":"Supera Holding","url":"https:\/\/superahd.com.br\/","logo":{"@type":"ImageObject","inLanguage":"en-US","@id":"https:\/\/superahd.com.br\/#\/schema\/logo\/image\/","url":"https:\/\/superahd.com.br\/wp-content\/uploads\/2023\/04\/logo_supera.png","contentUrl":"https:\/\/superahd.com.br\/wp-content\/uploads\/2023\/04\/logo_supera.png","width":187,"height":48,"caption":"Supera Holding"},"image":{"@id":"https:\/\/superahd.com.br\/#\/schema\/logo\/image\/"}}]}},"_links":{"self":[{"href":"https:\/\/superahd.com.br\/en\/wp-json\/wp\/v2\/pages\/11078","targetHints":{"allow":["GET"]}}],"collection":[{"href":"https:\/\/superahd.com.br\/en\/wp-json\/wp\/v2\/pages"}],"about":[{"href":"https:\/\/superahd.com.br\/en\/wp-json\/wp\/v2\/types\/page"}],"author":[{"embeddable":true,"href":"https:\/\/superahd.com.br\/en\/wp-json\/wp\/v2\/users\/1"}],"replies":[{"embeddable":true,"href":"https:\/\/superahd.com.br\/en\/wp-json\/wp\/v2\/comments?post=11078"}],"version-history":[{"count":0,"href":"https:\/\/superahd.com.br\/en\/wp-json\/wp\/v2\/pages\/11078\/revisions"}],"wp:attachment":[{"href":"https:\/\/superahd.com.br\/en\/wp-json\/wp\/v2\/media?parent=11078"}],"curies":[{"name":"wp","href":"https:\/\/api.w.org\/{rel}","templated":true}]}}