{"id":10707,"date":"2023-05-07T10:35:44","date_gmt":"2023-05-07T13:35:44","guid":{"rendered":"https:\/\/superahd.com.br\/?page_id=10707"},"modified":"2023-05-21T16:36:40","modified_gmt":"2023-05-21T19:36:40","slug":"aria","status":"publish","type":"page","link":"https:\/\/superahd.com.br\/en\/aria\/","title":{"rendered":"Aria"},"content":{"rendered":"<div data-elementor-type=\"wp-page\" data-elementor-id=\"10707\" class=\"elementor elementor-10707\" data-elementor-post-type=\"page\">\n\t\t\t\t\t\t<section class=\"elementor-section elementor-top-section elementor-element elementor-element-a95a284 elementor-section-boxed elementor-section-height-default elementor-section-height-default\" data-id=\"a95a284\" data-element_type=\"section\" data-e-type=\"section\">\n\t\t\t\t\t\t<div class=\"elementor-container elementor-column-gap-default\">\n\t\t\t\t\t<div class=\"elementor-column elementor-col-100 elementor-top-column elementor-element elementor-element-df61957\" data-id=\"df61957\" data-element_type=\"column\" data-e-type=\"column\">\n\t\t\t<div class=\"elementor-widget-wrap elementor-element-populated\">\n\t\t\t\t\t\t<div class=\"elementor-element elementor-element-9e0856a elementor-widget elementor-widget-toggle\" data-id=\"9e0856a\" data-element_type=\"widget\" data-e-type=\"widget\" data-widget_type=\"toggle.default\">\n\t\t\t\t<div class=\"elementor-widget-container\">\n\t\t\t\t\t\t\t<div class=\"elementor-toggle\">\n\t\t\t\t\t\t\t<div class=\"elementor-toggle-item\">\n\t\t\t\t\t<div id=\"elementor-tab-title-1651\" class=\"elementor-tab-title\" data-tab=\"1\" role=\"button\" aria-controls=\"elementor-tab-content-1651\" aria-expanded=\"false\">\n\t\t\t\t\t\t\t\t\t\t\t\t<span class=\"elementor-toggle-icon elementor-toggle-icon-right\" aria-hidden=\"true\">\n\t\t\t\t\t\t\t\t\t\t\t\t\t\t\t<span class=\"elementor-toggle-icon-closed\"><i class=\"fas fa-chevron-down\"><\/i><\/span>\n\t\t\t\t\t\t\t\t<span class=\"elementor-toggle-icon-opened\"><i class=\"elementor-toggle-icon-opened fas fa-chevron-up\"><\/i><\/span>\n\t\t\t\t\t\t\t\t\t\t\t\t\t<\/span>\n\t\t\t\t\t\t\t\t\t\t\t\t<a class=\"elementor-toggle-title\" tabindex=\"0\">Balan\u00e7os 2023<\/a>\n\t\t\t\t\t<\/div>\n\n\t\t\t\t\t<div id=\"elementor-tab-content-1651\" class=\"elementor-tab-content elementor-clearfix\" data-tab=\"1\" role=\"region\" aria-labelledby=\"elementor-tab-title-1651\"><p><a target=\"_blank\" rel=\"noopener\">Janeiro<\/a><br \/><a target=\"_blank\" rel=\"noopener\">Fevereiro<\/a><br \/><a target=\"_blank\" rel=\"noopener\">Mar\u00e7o<\/a><br \/><a target=\"_blank\" rel=\"noopener\">Abril<\/a><br \/><a target=\"_blank\" rel=\"noopener\">Maio<\/a><br \/><a target=\"_blank\" rel=\"noopener\">Junho<\/a><br \/><a target=\"_blank\" rel=\"noopener\">Julho<\/a><br \/><a target=\"_blank\" rel=\"noopener\">Agosto<\/a><br \/><a target=\"_blank\" rel=\"noopener\">Setembro<\/a><br \/><a target=\"_blank\" rel=\"noopener\">Outubro<\/a><br \/><a target=\"_blank\" rel=\"noopener\">Novembro<\/a><br \/><a target=\"_blank\" rel=\"noopener\">Dezembro<\/a><\/p><\/div>\n\t\t\t\t<\/div>\n\t\t\t\t\t\t\t<div class=\"elementor-toggle-item\">\n\t\t\t\t\t<div id=\"elementor-tab-title-1652\" class=\"elementor-tab-title\" data-tab=\"2\" role=\"button\" aria-controls=\"elementor-tab-content-1652\" aria-expanded=\"false\">\n\t\t\t\t\t\t\t\t\t\t\t\t<span class=\"elementor-toggle-icon elementor-toggle-icon-right\" aria-hidden=\"true\">\n\t\t\t\t\t\t\t\t\t\t\t\t\t\t\t<span class=\"elementor-toggle-icon-closed\"><i class=\"fas fa-chevron-down\"><\/i><\/span>\n\t\t\t\t\t\t\t\t<span class=\"elementor-toggle-icon-opened\"><i class=\"elementor-toggle-icon-opened fas fa-chevron-up\"><\/i><\/span>\n\t\t\t\t\t\t\t\t\t\t\t\t\t<\/span>\n\t\t\t\t\t\t\t\t\t\t\t\t<a class=\"elementor-toggle-title\" tabindex=\"0\">Balan\u00e7os 2022<\/a>\n\t\t\t\t\t<\/div>\n\n\t\t\t\t\t<div id=\"elementor-tab-content-1652\" class=\"elementor-tab-content elementor-clearfix\" data-tab=\"2\" role=\"region\" aria-labelledby=\"elementor-tab-title-1652\"><a href=\"\" target=\"_blank\">Janeiro<\/a><br \/>\n<a href=\"\" target=\"_blank\">Fevereiro<\/a><br \/>\n<a href=\"\" target=\"_blank\">Mar\u00e7o<\/a><br \/>\n<a href=\"\" target=\"_blank\">Abril<\/a><br \/>\n<a href=\"\" target=\"_blank\">Maio<\/a><br \/>\n<a href=\"\" target=\"_blank\">Junho<\/a><br \/>\n<a href=\"\" target=\"_blank\">Julho<\/a><br \/>\n<a href=\"\" target=\"_blank\">Agosto<\/a><br \/>\n<a href=\"\" target=\"_blank\">Setembro<\/a><br \/>\n<a href=\"\" target=\"_blank\">Outubro<\/a><br \/>\n<a href=\"\" target=\"_blank\">Novembro<\/a><br \/>\n<a href=\"\" target=\"_blank\">Dezembro<\/a><\/div>\n\t\t\t\t<\/div>\n\t\t\t\t\t\t\t\t<\/div>\n\t\t\t\t\t\t<\/div>\n\t\t\t\t<\/div>\n\t\t\t\t\t<\/div>\n\t\t<\/div>\n\t\t\t\t\t<\/div>\n\t\t<\/section>\n\t\t\t\t<\/div>","protected":false},"excerpt":{"rendered":"<p>Balan\u00e7os 2023 JaneiroFevereiroMar\u00e7oAbrilMaioJunhoJulhoAgostoSetembroOutubroNovembroDezembro Balan\u00e7os 2022 Janeiro Fevereiro Mar\u00e7o Abril Maio Junho Julho Agosto Setembro Outubro Novembro Dezembro<\/p>","protected":false},"author":1,"featured_media":0,"parent":0,"menu_order":0,"comment_status":"closed","ping_status":"closed","template":"","meta":{"_acf_changed":false,"inline_featured_image":false,"footnotes":""},"class_list":["post-10707","page","type-page","status-publish","hentry"],"acf":[],"aioseo_notices":[],"yoast_head":"<!-- This site is optimized with the Yoast SEO plugin v27.5 - https:\/\/yoast.com\/product\/yoast-seo-wordpress\/ -->\n<title>\u00c1ria - Supera Holding<\/title>\n<meta name=\"robots\" content=\"index, follow, max-snippet:-1, max-image-preview:large, max-video-preview:-1\" \/>\n<link rel=\"canonical\" href=\"https:\/\/superahd.com.br\/en\/aria\/\" \/>\n<meta property=\"og:locale\" content=\"en_US\" \/>\n<meta property=\"og:type\" content=\"article\" \/>\n<meta property=\"og:title\" content=\"\u00c1ria - Supera Holding\" \/>\n<meta property=\"og:description\" content=\"Balan\u00e7os 2023 JaneiroFevereiroMar\u00e7oAbrilMaioJunhoJulhoAgostoSetembroOutubroNovembroDezembro Balan\u00e7os 2022 Janeiro Fevereiro Mar\u00e7o Abril Maio Junho Julho Agosto Setembro Outubro Novembro Dezembro\" \/>\n<meta property=\"og:url\" content=\"https:\/\/superahd.com.br\/en\/aria\/\" \/>\n<meta property=\"og:site_name\" content=\"Supera Holding\" \/>\n<meta property=\"article:modified_time\" content=\"2023-05-21T19:36:40+00:00\" \/>\n<meta name=\"twitter:card\" content=\"summary_large_image\" \/>\n<script type=\"application\/ld+json\" class=\"yoast-schema-graph\">{\"@context\":\"https:\\\/\\\/schema.org\",\"@graph\":[{\"@type\":\"WebPage\",\"@id\":\"https:\\\/\\\/superahd.com.br\\\/aria\\\/\",\"url\":\"https:\\\/\\\/superahd.com.br\\\/aria\\\/\",\"name\":\"\u00c1ria - Supera Holding\",\"isPartOf\":{\"@id\":\"https:\\\/\\\/superahd.com.br\\\/#website\"},\"datePublished\":\"2023-05-07T13:35:44+00:00\",\"dateModified\":\"2023-05-21T19:36:40+00:00\",\"breadcrumb\":{\"@id\":\"https:\\\/\\\/superahd.com.br\\\/aria\\\/#breadcrumb\"},\"inLanguage\":\"en-US\",\"potentialAction\":[{\"@type\":\"ReadAction\",\"target\":[\"https:\\\/\\\/superahd.com.br\\\/aria\\\/\"]}]},{\"@type\":\"BreadcrumbList\",\"@id\":\"https:\\\/\\\/superahd.com.br\\\/aria\\\/#breadcrumb\",\"itemListElement\":[{\"@type\":\"ListItem\",\"position\":1,\"name\":\"In\u00edcio\",\"item\":\"https:\\\/\\\/superahd.com.br\\\/\"},{\"@type\":\"ListItem\",\"position\":2,\"name\":\"\u00c1ria\"}]},{\"@type\":\"WebSite\",\"@id\":\"https:\\\/\\\/superahd.com.br\\\/#website\",\"url\":\"https:\\\/\\\/superahd.com.br\\\/\",\"name\":\"Supera Holding\",\"description\":\"\",\"publisher\":{\"@id\":\"https:\\\/\\\/superahd.com.br\\\/#organization\"},\"potentialAction\":[{\"@type\":\"SearchAction\",\"target\":{\"@type\":\"EntryPoint\",\"urlTemplate\":\"https:\\\/\\\/superahd.com.br\\\/?s={search_term_string}\"},\"query-input\":{\"@type\":\"PropertyValueSpecification\",\"valueRequired\":true,\"valueName\":\"search_term_string\"}}],\"inLanguage\":\"en-US\"},{\"@type\":\"Organization\",\"@id\":\"https:\\\/\\\/superahd.com.br\\\/#organization\",\"name\":\"Supera Holding\",\"url\":\"https:\\\/\\\/superahd.com.br\\\/\",\"logo\":{\"@type\":\"ImageObject\",\"inLanguage\":\"en-US\",\"@id\":\"https:\\\/\\\/superahd.com.br\\\/#\\\/schema\\\/logo\\\/image\\\/\",\"url\":\"https:\\\/\\\/superahd.com.br\\\/wp-content\\\/uploads\\\/2023\\\/04\\\/logo_supera.png\",\"contentUrl\":\"https:\\\/\\\/superahd.com.br\\\/wp-content\\\/uploads\\\/2023\\\/04\\\/logo_supera.png\",\"width\":187,\"height\":48,\"caption\":\"Supera Holding\"},\"image\":{\"@id\":\"https:\\\/\\\/superahd.com.br\\\/#\\\/schema\\\/logo\\\/image\\\/\"}}]}<\/script>\n<!-- \/ Yoast SEO plugin. -->","yoast_head_json":{"title":"\u00c1ria - Supera Holding","robots":{"index":"index","follow":"follow","max-snippet":"max-snippet:-1","max-image-preview":"max-image-preview:large","max-video-preview":"max-video-preview:-1"},"canonical":"https:\/\/superahd.com.br\/en\/aria\/","og_locale":"en_US","og_type":"article","og_title":"\u00c1ria - Supera Holding","og_description":"Balan\u00e7os 2023 JaneiroFevereiroMar\u00e7oAbrilMaioJunhoJulhoAgostoSetembroOutubroNovembroDezembro Balan\u00e7os 2022 Janeiro Fevereiro Mar\u00e7o Abril Maio Junho Julho Agosto Setembro Outubro Novembro Dezembro","og_url":"https:\/\/superahd.com.br\/en\/aria\/","og_site_name":"Supera Holding","article_modified_time":"2023-05-21T19:36:40+00:00","twitter_card":"summary_large_image","schema":{"@context":"https:\/\/schema.org","@graph":[{"@type":"WebPage","@id":"https:\/\/superahd.com.br\/aria\/","url":"https:\/\/superahd.com.br\/aria\/","name":"\u00c1ria - Supera Holding","isPartOf":{"@id":"https:\/\/superahd.com.br\/#website"},"datePublished":"2023-05-07T13:35:44+00:00","dateModified":"2023-05-21T19:36:40+00:00","breadcrumb":{"@id":"https:\/\/superahd.com.br\/aria\/#breadcrumb"},"inLanguage":"en-US","potentialAction":[{"@type":"ReadAction","target":["https:\/\/superahd.com.br\/aria\/"]}]},{"@type":"BreadcrumbList","@id":"https:\/\/superahd.com.br\/aria\/#breadcrumb","itemListElement":[{"@type":"ListItem","position":1,"name":"In\u00edcio","item":"https:\/\/superahd.com.br\/"},{"@type":"ListItem","position":2,"name":"\u00c1ria"}]},{"@type":"WebSite","@id":"https:\/\/superahd.com.br\/#website","url":"https:\/\/superahd.com.br\/","name":"Supera Holding","description":"","publisher":{"@id":"https:\/\/superahd.com.br\/#organization"},"potentialAction":[{"@type":"SearchAction","target":{"@type":"EntryPoint","urlTemplate":"https:\/\/superahd.com.br\/?s={search_term_string}"},"query-input":{"@type":"PropertyValueSpecification","valueRequired":true,"valueName":"search_term_string"}}],"inLanguage":"en-US"},{"@type":"Organization","@id":"https:\/\/superahd.com.br\/#organization","name":"Supera Holding","url":"https:\/\/superahd.com.br\/","logo":{"@type":"ImageObject","inLanguage":"en-US","@id":"https:\/\/superahd.com.br\/#\/schema\/logo\/image\/","url":"https:\/\/superahd.com.br\/wp-content\/uploads\/2023\/04\/logo_supera.png","contentUrl":"https:\/\/superahd.com.br\/wp-content\/uploads\/2023\/04\/logo_supera.png","width":187,"height":48,"caption":"Supera Holding"},"image":{"@id":"https:\/\/superahd.com.br\/#\/schema\/logo\/image\/"}}]}},"_links":{"self":[{"href":"https:\/\/superahd.com.br\/en\/wp-json\/wp\/v2\/pages\/10707","targetHints":{"allow":["GET"]}}],"collection":[{"href":"https:\/\/superahd.com.br\/en\/wp-json\/wp\/v2\/pages"}],"about":[{"href":"https:\/\/superahd.com.br\/en\/wp-json\/wp\/v2\/types\/page"}],"author":[{"embeddable":true,"href":"https:\/\/superahd.com.br\/en\/wp-json\/wp\/v2\/users\/1"}],"replies":[{"embeddable":true,"href":"https:\/\/superahd.com.br\/en\/wp-json\/wp\/v2\/comments?post=10707"}],"version-history":[{"count":0,"href":"https:\/\/superahd.com.br\/en\/wp-json\/wp\/v2\/pages\/10707\/revisions"}],"wp:attachment":[{"href":"https:\/\/superahd.com.br\/en\/wp-json\/wp\/v2\/media?parent=10707"}],"curies":[{"name":"wp","href":"https:\/\/api.w.org\/{rel}","templated":true}]}}